{"id":24,"date":"2025-09-19T20:29:38","date_gmt":"2025-09-19T20:29:38","guid":{"rendered":"http:\/\/gutkin.dk\/?page_id=24"},"modified":"2025-09-19T20:29:38","modified_gmt":"2025-09-19T20:29:38","slug":"om","status":"publish","type":"page","link":"http:\/\/gutkin.dk\/?page_id=24","title":{"rendered":"Om"},"content":{"rendered":"\n<p>Her kan du l\u00e6se om nogle af de film Ulrik Gutkin har lavet:<\/p>\n\n\n\n<p>Filmsiden&nbsp;<a href=\"https:\/\/www.imdb.com\/name\/nm1514425\/?ref_=fn_all_nme_1\" target=\"_blank\" rel=\"noreferrer noopener\">IMDB<\/a>&nbsp;har en oversigt over de produktioner Gutkin har v\u00e6ret med til at lave.&nbsp;<\/p>\n\n\n\n<p>Du kan ogs\u00e5 bes\u00f8ge&nbsp;<a href=\"https:\/\/kortogdok.cphfilmcompany.dk\/\">Copenhagen Film Company Kort &amp; Dok<\/a>. hvor Ulrik Gutkin er producer og partner.<\/p>\n","protected":false},"excerpt":{"rendered":"<p>Her kan du l\u00e6se om nogle af de film Ulrik Gutkin har lavet: Filmsiden&nbsp;IMDB&nbsp;har en oversigt over de produktioner Gutkin har v\u00e6ret med til at lave.&nbsp; Du kan ogs\u00e5 bes\u00f8ge&nbsp;Copenhagen Film Company Kort &amp; Dok. hvor Ulrik Gutkin er producer og partner.<\/p>\n","protected":false},"author":1,"featured_media":0,"parent":0,"menu_order":0,"comment_status":"closed","ping_status":"closed","template":"","meta":{"footnotes":""},"class_list":["post-24","page","type-page","status-publish","hentry","entry"],"_links":{"self":[{"href":"http:\/\/gutkin.dk\/index.php?rest_route=\/wp\/v2\/pages\/24","targetHints":{"allow":["GET"]}}],"collection":[{"href":"http:\/\/gutkin.dk\/index.php?rest_route=\/wp\/v2\/pages"}],"about":[{"href":"http:\/\/gutkin.dk\/index.php?rest_route=\/wp\/v2\/types\/page"}],"author":[{"embeddable":true,"href":"http:\/\/gutkin.dk\/index.php?rest_route=\/wp\/v2\/users\/1"}],"replies":[{"embeddable":true,"href":"http:\/\/gutkin.dk\/index.php?rest_route=%2Fwp%2Fv2%2Fcomments&post=24"}],"version-history":[{"count":1,"href":"http:\/\/gutkin.dk\/index.php?rest_route=\/wp\/v2\/pages\/24\/revisions"}],"predecessor-version":[{"id":29,"href":"http:\/\/gutkin.dk\/index.php?rest_route=\/wp\/v2\/pages\/24\/revisions\/29"}],"wp:attachment":[{"href":"http:\/\/gutkin.dk\/index.php?rest_route=%2Fwp%2Fv2%2Fmedia&parent=24"}],"curies":[{"name":"wp","href":"https:\/\/api.w.org\/{rel}","templated":true}]}}