{"id":2,"date":"2025-09-14T09:50:58","date_gmt":"2025-09-14T09:50:58","guid":{"rendered":"http:\/\/gutkin.dk\/?page_id=2"},"modified":"2025-09-18T06:01:53","modified_gmt":"2025-09-18T06:01:53","slug":"sample-page","status":"publish","type":"page","link":"https:\/\/gutkin.dk\/","title":{"rendered":"Velkommen"},"content":{"rendered":"\n<p>Ulrik Gutkin er film dokumentarist med en passion for den personlige historie. Han arbejder med film der tager udgangspunkt i personlige erfaringer der m\u00f8der den faktuelle virkelighed. Han laver film der er drevet af nysgerrighed p\u00e5 mennesker og de st\u00f8rre sp\u00f8rgsm\u00e5l, der former vores tid. Gutkins film har v\u00e6ret vist p\u00e5 DR, NRK, SVT, National Geographic, BBC World og festivaler verden over. De sidste mange \u00e5r har Gutkins prim\u00e6re arbejde v\u00e6ret som producer, men han har ogs\u00e5 v\u00e6ret instrukt\u00f8r p\u00e5 flere film.&nbsp;<\/p>\n\n\n\n<figure class=\"wp-block-image\"><img decoding=\"async\" src=\"https:\/\/ulrikgutkin.wordpress.com\/wp-content\/uploads\/2025\/09\/ulrik_p1177219.png?w=750\" alt=\"\" class=\"wp-image-40\"\/><\/figure>\n\n\n\n<p><\/p>\n","protected":false},"excerpt":{"rendered":"<p>Ulrik Gutkin er film dokumentarist med en passion for den personlige historie. Han arbejder med film der tager udgangspunkt i personlige erfaringer der m\u00f8der den faktuelle virkelighed. Han laver film der er drevet af nysgerrighed p\u00e5 mennesker og de st\u00f8rre sp\u00f8rgsm\u00e5l, der former vores tid. Gutkins film har v\u00e6ret vist p\u00e5 DR, NRK, SVT, National&hellip; <a class=\"more-link\" href=\"https:\/\/gutkin.dk\/\">L\u00e6s mere <span class=\"screen-reader-text\">Velkommen<\/span><\/a><\/p>\n","protected":false},"author":1,"featured_media":0,"parent":0,"menu_order":0,"comment_status":"closed","ping_status":"open","template":"","meta":{"footnotes":""},"class_list":["post-2","page","type-page","status-publish","hentry","entry"],"_links":{"self":[{"href":"https:\/\/gutkin.dk\/index.php?rest_route=\/wp\/v2\/pages\/2","targetHints":{"allow":["GET"]}}],"collection":[{"href":"https:\/\/gutkin.dk\/index.php?rest_route=\/wp\/v2\/pages"}],"about":[{"href":"https:\/\/gutkin.dk\/index.php?rest_route=\/wp\/v2\/types\/page"}],"author":[{"embeddable":true,"href":"https:\/\/gutkin.dk\/index.php?rest_route=\/wp\/v2\/users\/1"}],"replies":[{"embeddable":true,"href":"https:\/\/gutkin.dk\/index.php?rest_route=%2Fwp%2Fv2%2Fcomments&post=2"}],"version-history":[{"count":2,"href":"https:\/\/gutkin.dk\/index.php?rest_route=\/wp\/v2\/pages\/2\/revisions"}],"predecessor-version":[{"id":23,"href":"https:\/\/gutkin.dk\/index.php?rest_route=\/wp\/v2\/pages\/2\/revisions\/23"}],"wp:attachment":[{"href":"https:\/\/gutkin.dk\/index.php?rest_route=%2Fwp%2Fv2%2Fmedia&parent=2"}],"curies":[{"name":"wp","href":"https:\/\/api.w.org\/{rel}","templated":true}]}}